{"id":879,"date":"2022-01-11T11:39:12","date_gmt":"2022-01-11T10:39:12","guid":{"rendered":"https:\/\/nippontrading.nl\/?page_id=879"},"modified":"2022-01-11T11:39:13","modified_gmt":"2022-01-11T10:39:13","slug":"groesster-klavier-und-fluegelimporteur","status":"publish","type":"page","link":"https:\/\/nippontrading.nl\/de\/","title":{"rendered":"Gr\u00f6\u00dfter Klavier- und Fl\u00fcgelimporteur"},"content":{"rendered":"\n<p>Nippon Trading BV ist eine der gr\u00f6\u00dften Importfirmen f\u00fcr gebrauchte Klaviere und Fl\u00fcgel aus Japan. Wir liefern daher auch gro\u00dfe Marken wie Yamaha und Kawai. In unserem einladenden Showroom finden Sie Instrumente der verschiedensten Preisklassen in gro\u00dfer Auswahl und St\u00fcckzahl. Werfen Sie hier einen Blick in unseren Showroom.<\/p>\n\n\n\n<p>Nippon Trading BV liefert&nbsp;<strong>nicht<\/strong>&nbsp;an Privatpersonen. Selbstverst\u00e4ndlich k\u00f6nnen Sie sich aber mit dem Kontaktformular nach einer Filiale in Ihrer N\u00e4he erkundigen.<\/p>\n\n\n\n<p><strong>Directeur Adrie ten Hove<\/strong><\/p>\n","protected":false},"excerpt":{"rendered":"<p>Nippon Trading BV ist eine der gr\u00f6\u00dften Importfirmen f\u00fcr gebrauchte Klaviere und Fl\u00fcgel aus Japan. Wir liefern daher auch gro\u00dfe Marken wie &hellip; <\/p>\n<p class=\"link-more\"><a href=\"https:\/\/nippontrading.nl\/de\/\" class=\"more-link\"><span class=\"screen-reader-text\"> &#8222;Lees meer&#8220;<\/span><\/a><\/p>\n","protected":false},"author":1,"featured_media":0,"parent":0,"menu_order":8,"comment_status":"closed","ping_status":"closed","template":"","meta":{"_acf_changed":false,"footnotes":""},"class_list":["post-879","page","type-page","status-publish","hentry"],"acf":[],"yoast_head":"<!-- This site is optimized with the Yoast SEO plugin v27.6 - https:\/\/yoast.com\/product\/yoast-seo-wordpress\/ -->\n<title>Gr\u00f6\u00dfter Klavier- und Fl\u00fcgelimporteur - Nippontrading<\/title>\n<meta name=\"robots\" content=\"index, follow, max-snippet:-1, max-image-preview:large, max-video-preview:-1\" \/>\n<link rel=\"canonical\" href=\"https:\/\/nippontrading.nl\/de\/\" \/>\n<meta property=\"og:locale\" content=\"de_DE\" \/>\n<meta property=\"og:type\" content=\"article\" \/>\n<meta property=\"og:title\" content=\"Gr\u00f6\u00dfter Klavier- und Fl\u00fcgelimporteur - Nippontrading\" \/>\n<meta property=\"og:description\" content=\"Nippon Trading BV ist eine der gr\u00f6\u00dften Importfirmen f\u00fcr gebrauchte Klaviere und Fl\u00fcgel aus Japan. Wir liefern daher auch gro\u00dfe Marken wie &hellip; &quot;Lees meer&quot;\" \/>\n<meta property=\"og:url\" content=\"https:\/\/nippontrading.nl\/de\/\" \/>\n<meta property=\"og:site_name\" content=\"Nippontrading\" \/>\n<meta property=\"article:modified_time\" content=\"2022-01-11T10:39:13+00:00\" \/>\n<meta name=\"twitter:card\" content=\"summary_large_image\" \/>\n<meta name=\"twitter:label1\" content=\"Gesch\u00e4tzte Lesezeit\" \/>\n\t<meta name=\"twitter:data1\" content=\"1\u00a0Minute\" \/>\n<script type=\"application\/ld+json\" class=\"yoast-schema-graph\">{\"@context\":\"https:\\\/\\\/schema.org\",\"@graph\":[{\"@type\":\"WebPage\",\"@id\":\"https:\\\/\\\/nippontrading.nl\\\/de\\\/\",\"url\":\"https:\\\/\\\/nippontrading.nl\\\/de\\\/\",\"name\":\"Gr\u00f6\u00dfter Klavier- und Fl\u00fcgelimporteur - Nippontrading\",\"isPartOf\":{\"@id\":\"https:\\\/\\\/nippontrading.nl\\\/de\\\/#website\"},\"datePublished\":\"2022-01-11T10:39:12+00:00\",\"dateModified\":\"2022-01-11T10:39:13+00:00\",\"breadcrumb\":{\"@id\":\"https:\\\/\\\/nippontrading.nl\\\/de\\\/#breadcrumb\"},\"inLanguage\":\"de\",\"potentialAction\":[{\"@type\":\"ReadAction\",\"target\":[\"https:\\\/\\\/nippontrading.nl\\\/de\\\/\"]}]},{\"@type\":\"BreadcrumbList\",\"@id\":\"https:\\\/\\\/nippontrading.nl\\\/de\\\/#breadcrumb\",\"itemListElement\":[{\"@type\":\"ListItem\",\"position\":1,\"name\":\"Home\",\"item\":\"https:\\\/\\\/nippontrading.nl\\\/de\\\/\"},{\"@type\":\"ListItem\",\"position\":2,\"name\":\"Gr\u00f6\u00dfter Klavier- und Fl\u00fcgelimporteur\"}]},{\"@type\":\"WebSite\",\"@id\":\"https:\\\/\\\/nippontrading.nl\\\/de\\\/#website\",\"url\":\"https:\\\/\\\/nippontrading.nl\\\/de\\\/\",\"name\":\"Nippontrading\",\"description\":\"\",\"publisher\":{\"@id\":\"https:\\\/\\\/nippontrading.nl\\\/de\\\/#organization\"},\"potentialAction\":[{\"@type\":\"SearchAction\",\"target\":{\"@type\":\"EntryPoint\",\"urlTemplate\":\"https:\\\/\\\/nippontrading.nl\\\/de\\\/?s={search_term_string}\"},\"query-input\":{\"@type\":\"PropertyValueSpecification\",\"valueRequired\":true,\"valueName\":\"search_term_string\"}}],\"inLanguage\":\"de\"},{\"@type\":\"Organization\",\"@id\":\"https:\\\/\\\/nippontrading.nl\\\/de\\\/#organization\",\"name\":\"Nippon Trading B.V.\",\"url\":\"https:\\\/\\\/nippontrading.nl\\\/de\\\/\",\"logo\":{\"@type\":\"ImageObject\",\"inLanguage\":\"de\",\"@id\":\"https:\\\/\\\/nippontrading.nl\\\/de\\\/#\\\/schema\\\/logo\\\/image\\\/\",\"url\":\"https:\\\/\\\/nippontrading.nl\\\/wp-content\\\/uploads\\\/2022\\\/01\\\/nippon-logo.png\",\"contentUrl\":\"https:\\\/\\\/nippontrading.nl\\\/wp-content\\\/uploads\\\/2022\\\/01\\\/nippon-logo.png\",\"width\":1036,\"height\":381,\"caption\":\"Nippon Trading B.V.\"},\"image\":{\"@id\":\"https:\\\/\\\/nippontrading.nl\\\/de\\\/#\\\/schema\\\/logo\\\/image\\\/\"}}]}<\/script>\n<!-- \/ Yoast SEO plugin. -->","yoast_head_json":{"title":"Gr\u00f6\u00dfter Klavier- und Fl\u00fcgelimporteur - Nippontrading","robots":{"index":"index","follow":"follow","max-snippet":"max-snippet:-1","max-image-preview":"max-image-preview:large","max-video-preview":"max-video-preview:-1"},"canonical":"https:\/\/nippontrading.nl\/de\/","og_locale":"de_DE","og_type":"article","og_title":"Gr\u00f6\u00dfter Klavier- und Fl\u00fcgelimporteur - Nippontrading","og_description":"Nippon Trading BV ist eine der gr\u00f6\u00dften Importfirmen f\u00fcr gebrauchte Klaviere und Fl\u00fcgel aus Japan. Wir liefern daher auch gro\u00dfe Marken wie &hellip; \"Lees meer\"","og_url":"https:\/\/nippontrading.nl\/de\/","og_site_name":"Nippontrading","article_modified_time":"2022-01-11T10:39:13+00:00","twitter_card":"summary_large_image","twitter_misc":{"Gesch\u00e4tzte Lesezeit":"1\u00a0Minute"},"schema":{"@context":"https:\/\/schema.org","@graph":[{"@type":"WebPage","@id":"https:\/\/nippontrading.nl\/de\/","url":"https:\/\/nippontrading.nl\/de\/","name":"Gr\u00f6\u00dfter Klavier- und Fl\u00fcgelimporteur - Nippontrading","isPartOf":{"@id":"https:\/\/nippontrading.nl\/de\/#website"},"datePublished":"2022-01-11T10:39:12+00:00","dateModified":"2022-01-11T10:39:13+00:00","breadcrumb":{"@id":"https:\/\/nippontrading.nl\/de\/#breadcrumb"},"inLanguage":"de","potentialAction":[{"@type":"ReadAction","target":["https:\/\/nippontrading.nl\/de\/"]}]},{"@type":"BreadcrumbList","@id":"https:\/\/nippontrading.nl\/de\/#breadcrumb","itemListElement":[{"@type":"ListItem","position":1,"name":"Home","item":"https:\/\/nippontrading.nl\/de\/"},{"@type":"ListItem","position":2,"name":"Gr\u00f6\u00dfter Klavier- und Fl\u00fcgelimporteur"}]},{"@type":"WebSite","@id":"https:\/\/nippontrading.nl\/de\/#website","url":"https:\/\/nippontrading.nl\/de\/","name":"Nippontrading","description":"","publisher":{"@id":"https:\/\/nippontrading.nl\/de\/#organization"},"potentialAction":[{"@type":"SearchAction","target":{"@type":"EntryPoint","urlTemplate":"https:\/\/nippontrading.nl\/de\/?s={search_term_string}"},"query-input":{"@type":"PropertyValueSpecification","valueRequired":true,"valueName":"search_term_string"}}],"inLanguage":"de"},{"@type":"Organization","@id":"https:\/\/nippontrading.nl\/de\/#organization","name":"Nippon Trading B.V.","url":"https:\/\/nippontrading.nl\/de\/","logo":{"@type":"ImageObject","inLanguage":"de","@id":"https:\/\/nippontrading.nl\/de\/#\/schema\/logo\/image\/","url":"https:\/\/nippontrading.nl\/wp-content\/uploads\/2022\/01\/nippon-logo.png","contentUrl":"https:\/\/nippontrading.nl\/wp-content\/uploads\/2022\/01\/nippon-logo.png","width":1036,"height":381,"caption":"Nippon Trading B.V."},"image":{"@id":"https:\/\/nippontrading.nl\/de\/#\/schema\/logo\/image\/"}}]}},"_links":{"self":[{"href":"https:\/\/nippontrading.nl\/de\/wp-json\/wp\/v2\/pages\/879","targetHints":{"allow":["GET"]}}],"collection":[{"href":"https:\/\/nippontrading.nl\/de\/wp-json\/wp\/v2\/pages"}],"about":[{"href":"https:\/\/nippontrading.nl\/de\/wp-json\/wp\/v2\/types\/page"}],"author":[{"embeddable":true,"href":"https:\/\/nippontrading.nl\/de\/wp-json\/wp\/v2\/users\/1"}],"replies":[{"embeddable":true,"href":"https:\/\/nippontrading.nl\/de\/wp-json\/wp\/v2\/comments?post=879"}],"version-history":[{"count":1,"href":"https:\/\/nippontrading.nl\/de\/wp-json\/wp\/v2\/pages\/879\/revisions"}],"predecessor-version":[{"id":880,"href":"https:\/\/nippontrading.nl\/de\/wp-json\/wp\/v2\/pages\/879\/revisions\/880"}],"wp:attachment":[{"href":"https:\/\/nippontrading.nl\/de\/wp-json\/wp\/v2\/media?parent=879"}],"curies":[{"name":"wp","href":"https:\/\/api.w.org\/{rel}","templated":true}]}}