{"id":881,"date":"2022-01-11T11:39:39","date_gmt":"2022-01-11T10:39:39","guid":{"rendered":"https:\/\/nippontrading.nl\/?page_id=881"},"modified":"2022-01-20T09:28:47","modified_gmt":"2022-01-20T08:28:47","slug":"ueber-uns","status":"publish","type":"page","link":"https:\/\/nippontrading.nl\/de\/ueber-uns\/","title":{"rendered":"\u00dcber uns"},"content":{"rendered":"\n<p>Bei Nippon Trading (Nippon ist Japan auf Japanisch) besitzen die meisten Mitarbeiter \u00fcber 40 Jahre Berufserfahrung in der Klavierbranche. Wir importieren bereits seit \u00fcber 20 Jahren gebrauchte Yamaha- und Kawai-Instrumente aus Japan.<\/p>\n\n\n\n<p>Da wir mehrmals im Jahr nach Japan reisen, haben wir im Lauf der Zeit gro\u00dfe Erfahrung mit gebrauchten Klavieren und Fl\u00fcgeln aus diesem Land erworben. Die Auswahl der Instrumente treffen wir selbst.<\/p>\n\n\n\n<p>Wir betreiben unser Importgesch\u00e4ft im gro\u00dfen Stil und k\u00f6nnen unseren Kunden im In- und Ausland deshalb au\u00dferordentlich gute Preise und unvergleichliche Qualit\u00e4t bieten.<\/p>\n\n\n\n<p>Nachdem wir die Instrumente erhalten haben, lagern wir sie in unserem Barnevelder Magazin, das mit einem vollautomatischen Luftbefeuchtungssystem (konstant 55 %) ausger\u00fcstet ist. <\/p>\n\n\n\n<p>Wir \u00fcberholen alle Instrumente vollst\u00e4ndig. Au\u00dferdem werden sie neu poliert und geputzt, bis sie technisch und \u00e4u\u00dferlich kaum von neuen Instrumenten zu unterscheiden sind.<\/p>\n\n\n\n<p>Unsere Instrumente werden ausschlie\u00dflich im Fachhandel verkauft.<\/p>\n\n\n\n<p>Unsere Einzelh\u00e4ndler geben immer 5 Jahre Garantie auf die von uns angelieferten Instrumente und beraten Sie auf Wunsch bei der Anschaffung.<\/p>\n\n\n\n<p>Wenn Sie Fragen haben oder weitere Ausk\u00fcnfte erhalten m\u00f6chten, f\u00fcllen Sie bitte das Kontaktformular aus.<\/p>\n","protected":false},"excerpt":{"rendered":"<p>Bei Nippon Trading (Nippon ist Japan auf Japanisch) besitzen die meisten Mitarbeiter \u00fcber 40 Jahre Berufserfahrung in der Klavierbranche. Wir importieren bereits &hellip; <\/p>\n<p class=\"link-more\"><a href=\"https:\/\/nippontrading.nl\/de\/ueber-uns\/\" class=\"more-link\"><span class=\"screen-reader-text\"> &#8222;Lees meer&#8220;<\/span><\/a><\/p>\n","protected":false},"author":1,"featured_media":0,"parent":0,"menu_order":15,"comment_status":"closed","ping_status":"closed","template":"","meta":{"_acf_changed":false,"footnotes":""},"class_list":["post-881","page","type-page","status-publish","hentry"],"acf":[],"yoast_head":"<!-- This site is optimized with the Yoast SEO plugin v27.4 - https:\/\/yoast.com\/product\/yoast-seo-wordpress\/ -->\n<title>\u00dcber uns - Nippontrading<\/title>\n<meta name=\"robots\" content=\"index, follow, max-snippet:-1, max-image-preview:large, max-video-preview:-1\" \/>\n<link rel=\"canonical\" href=\"https:\/\/nippontrading.nl\/de\/ueber-uns\/\" \/>\n<meta property=\"og:locale\" content=\"de_DE\" \/>\n<meta property=\"og:type\" content=\"article\" \/>\n<meta property=\"og:title\" content=\"\u00dcber uns - Nippontrading\" \/>\n<meta property=\"og:description\" content=\"Bei Nippon Trading (Nippon ist Japan auf Japanisch) besitzen die meisten Mitarbeiter \u00fcber 40 Jahre Berufserfahrung in der Klavierbranche. Wir importieren bereits &hellip; &quot;Lees meer&quot;\" \/>\n<meta property=\"og:url\" content=\"https:\/\/nippontrading.nl\/de\/ueber-uns\/\" \/>\n<meta property=\"og:site_name\" content=\"Nippontrading\" \/>\n<meta property=\"article:modified_time\" content=\"2022-01-20T08:28:47+00:00\" \/>\n<meta name=\"twitter:card\" content=\"summary_large_image\" \/>\n<meta name=\"twitter:label1\" content=\"Gesch\u00e4tzte Lesezeit\" \/>\n\t<meta name=\"twitter:data1\" content=\"1\u00a0Minute\" \/>\n<script type=\"application\/ld+json\" class=\"yoast-schema-graph\">{\"@context\":\"https:\\\/\\\/schema.org\",\"@graph\":[{\"@type\":\"WebPage\",\"@id\":\"https:\\\/\\\/nippontrading.nl\\\/de\\\/ueber-uns\\\/\",\"url\":\"https:\\\/\\\/nippontrading.nl\\\/de\\\/ueber-uns\\\/\",\"name\":\"\u00dcber uns - Nippontrading\",\"isPartOf\":{\"@id\":\"https:\\\/\\\/nippontrading.nl\\\/de\\\/#website\"},\"datePublished\":\"2022-01-11T10:39:39+00:00\",\"dateModified\":\"2022-01-20T08:28:47+00:00\",\"breadcrumb\":{\"@id\":\"https:\\\/\\\/nippontrading.nl\\\/de\\\/ueber-uns\\\/#breadcrumb\"},\"inLanguage\":\"de\",\"potentialAction\":[{\"@type\":\"ReadAction\",\"target\":[\"https:\\\/\\\/nippontrading.nl\\\/de\\\/ueber-uns\\\/\"]}]},{\"@type\":\"BreadcrumbList\",\"@id\":\"https:\\\/\\\/nippontrading.nl\\\/de\\\/ueber-uns\\\/#breadcrumb\",\"itemListElement\":[{\"@type\":\"ListItem\",\"position\":1,\"name\":\"Home\",\"item\":\"https:\\\/\\\/nippontrading.nl\\\/de\\\/\"},{\"@type\":\"ListItem\",\"position\":2,\"name\":\"\u00dcber uns\"}]},{\"@type\":\"WebSite\",\"@id\":\"https:\\\/\\\/nippontrading.nl\\\/de\\\/#website\",\"url\":\"https:\\\/\\\/nippontrading.nl\\\/de\\\/\",\"name\":\"Nippontrading\",\"description\":\"\",\"publisher\":{\"@id\":\"https:\\\/\\\/nippontrading.nl\\\/de\\\/#organization\"},\"potentialAction\":[{\"@type\":\"SearchAction\",\"target\":{\"@type\":\"EntryPoint\",\"urlTemplate\":\"https:\\\/\\\/nippontrading.nl\\\/de\\\/?s={search_term_string}\"},\"query-input\":{\"@type\":\"PropertyValueSpecification\",\"valueRequired\":true,\"valueName\":\"search_term_string\"}}],\"inLanguage\":\"de\"},{\"@type\":\"Organization\",\"@id\":\"https:\\\/\\\/nippontrading.nl\\\/de\\\/#organization\",\"name\":\"Nippon Trading B.V.\",\"url\":\"https:\\\/\\\/nippontrading.nl\\\/de\\\/\",\"logo\":{\"@type\":\"ImageObject\",\"inLanguage\":\"de\",\"@id\":\"https:\\\/\\\/nippontrading.nl\\\/de\\\/#\\\/schema\\\/logo\\\/image\\\/\",\"url\":\"https:\\\/\\\/nippontrading.nl\\\/wp-content\\\/uploads\\\/2022\\\/01\\\/nippon-logo.png\",\"contentUrl\":\"https:\\\/\\\/nippontrading.nl\\\/wp-content\\\/uploads\\\/2022\\\/01\\\/nippon-logo.png\",\"width\":1036,\"height\":381,\"caption\":\"Nippon Trading B.V.\"},\"image\":{\"@id\":\"https:\\\/\\\/nippontrading.nl\\\/de\\\/#\\\/schema\\\/logo\\\/image\\\/\"}}]}<\/script>\n<!-- \/ Yoast SEO plugin. -->","yoast_head_json":{"title":"\u00dcber uns - Nippontrading","robots":{"index":"index","follow":"follow","max-snippet":"max-snippet:-1","max-image-preview":"max-image-preview:large","max-video-preview":"max-video-preview:-1"},"canonical":"https:\/\/nippontrading.nl\/de\/ueber-uns\/","og_locale":"de_DE","og_type":"article","og_title":"\u00dcber uns - Nippontrading","og_description":"Bei Nippon Trading (Nippon ist Japan auf Japanisch) besitzen die meisten Mitarbeiter \u00fcber 40 Jahre Berufserfahrung in der Klavierbranche. Wir importieren bereits &hellip; \"Lees meer\"","og_url":"https:\/\/nippontrading.nl\/de\/ueber-uns\/","og_site_name":"Nippontrading","article_modified_time":"2022-01-20T08:28:47+00:00","twitter_card":"summary_large_image","twitter_misc":{"Gesch\u00e4tzte Lesezeit":"1\u00a0Minute"},"schema":{"@context":"https:\/\/schema.org","@graph":[{"@type":"WebPage","@id":"https:\/\/nippontrading.nl\/de\/ueber-uns\/","url":"https:\/\/nippontrading.nl\/de\/ueber-uns\/","name":"\u00dcber uns - Nippontrading","isPartOf":{"@id":"https:\/\/nippontrading.nl\/de\/#website"},"datePublished":"2022-01-11T10:39:39+00:00","dateModified":"2022-01-20T08:28:47+00:00","breadcrumb":{"@id":"https:\/\/nippontrading.nl\/de\/ueber-uns\/#breadcrumb"},"inLanguage":"de","potentialAction":[{"@type":"ReadAction","target":["https:\/\/nippontrading.nl\/de\/ueber-uns\/"]}]},{"@type":"BreadcrumbList","@id":"https:\/\/nippontrading.nl\/de\/ueber-uns\/#breadcrumb","itemListElement":[{"@type":"ListItem","position":1,"name":"Home","item":"https:\/\/nippontrading.nl\/de\/"},{"@type":"ListItem","position":2,"name":"\u00dcber uns"}]},{"@type":"WebSite","@id":"https:\/\/nippontrading.nl\/de\/#website","url":"https:\/\/nippontrading.nl\/de\/","name":"Nippontrading","description":"","publisher":{"@id":"https:\/\/nippontrading.nl\/de\/#organization"},"potentialAction":[{"@type":"SearchAction","target":{"@type":"EntryPoint","urlTemplate":"https:\/\/nippontrading.nl\/de\/?s={search_term_string}"},"query-input":{"@type":"PropertyValueSpecification","valueRequired":true,"valueName":"search_term_string"}}],"inLanguage":"de"},{"@type":"Organization","@id":"https:\/\/nippontrading.nl\/de\/#organization","name":"Nippon Trading B.V.","url":"https:\/\/nippontrading.nl\/de\/","logo":{"@type":"ImageObject","inLanguage":"de","@id":"https:\/\/nippontrading.nl\/de\/#\/schema\/logo\/image\/","url":"https:\/\/nippontrading.nl\/wp-content\/uploads\/2022\/01\/nippon-logo.png","contentUrl":"https:\/\/nippontrading.nl\/wp-content\/uploads\/2022\/01\/nippon-logo.png","width":1036,"height":381,"caption":"Nippon Trading B.V."},"image":{"@id":"https:\/\/nippontrading.nl\/de\/#\/schema\/logo\/image\/"}}]}},"_links":{"self":[{"href":"https:\/\/nippontrading.nl\/de\/wp-json\/wp\/v2\/pages\/881","targetHints":{"allow":["GET"]}}],"collection":[{"href":"https:\/\/nippontrading.nl\/de\/wp-json\/wp\/v2\/pages"}],"about":[{"href":"https:\/\/nippontrading.nl\/de\/wp-json\/wp\/v2\/types\/page"}],"author":[{"embeddable":true,"href":"https:\/\/nippontrading.nl\/de\/wp-json\/wp\/v2\/users\/1"}],"replies":[{"embeddable":true,"href":"https:\/\/nippontrading.nl\/de\/wp-json\/wp\/v2\/comments?post=881"}],"version-history":[{"count":2,"href":"https:\/\/nippontrading.nl\/de\/wp-json\/wp\/v2\/pages\/881\/revisions"}],"predecessor-version":[{"id":1082,"href":"https:\/\/nippontrading.nl\/de\/wp-json\/wp\/v2\/pages\/881\/revisions\/1082"}],"wp:attachment":[{"href":"https:\/\/nippontrading.nl\/de\/wp-json\/wp\/v2\/media?parent=881"}],"curies":[{"name":"wp","href":"https:\/\/api.w.org\/{rel}","templated":true}]}}